{"id":16210,"date":"2026-03-05T22:38:25","date_gmt":"2026-03-05T22:38:25","guid":{"rendered":"https:\/\/cesadicciones.cl\/home\/?page_id=16210"},"modified":"2026-03-06T02:51:13","modified_gmt":"2026-03-06T02:51:13","slug":"noticias","status":"publish","type":"page","link":"https:\/\/cesadicciones.cl\/home\/noticias\/","title":{"rendered":"Noticias"},"content":{"rendered":"\t\t<div data-elementor-type=\"wp-page\" data-elementor-id=\"16210\" class=\"elementor elementor-16210\" data-elementor-settings=\"[]\">\n\t\t\t\t\t\t<div class=\"elementor-inner\">\n\t\t\t\t\t\t\t<div class=\"elementor-section-wrap\">\n\t\t\t\t\t\t\t<section class=\"elementor-section elementor-top-section elementor-element elementor-element-2b311dc elementor-section-boxed elementor-section-height-default elementor-section-height-default\" data-id=\"2b311dc\" data-element_type=\"section\">\n\t\t\t\t\t\t<div class=\"elementor-container elementor-column-gap-default\">\n\t\t\t\t\t\t\t<div class=\"elementor-row\">\n\t\t\t\t\t<div class=\"elementor-column elementor-col-100 elementor-top-column elementor-element elementor-element-20d200d\" data-id=\"20d200d\" data-element_type=\"column\">\n\t\t\t<div class=\"elementor-column-wrap elementor-element-populated\">\n\t\t\t\t\t\t\t<div class=\"elementor-widget-wrap\">\n\t\t\t\t\t\t<div class=\"elementor-element elementor-element-ead0292 elementor-grid-3 elementor-grid-tablet-2 elementor-grid-mobile-1 elementor-widget elementor-widget-be-posts\" data-id=\"ead0292\" data-element_type=\"widget\" data-widget_type=\"be-posts.skin-grid-gangri\">\n\t\t\t\t<div class=\"elementor-widget-container\">\n\t\t\t\t\t\t<div class=\"elementor-grid elementor-posts--skin-grid-gangri\">\r\n\t\t\t\t\t<article id=\"post-17005\" class=\"elementor-post post-17005 post type-post status-publish format-standard has-post-thumbnail hentry category-noticias entry\" >\r\n                  <div class=\"elementor-post__thumbnail\">\r\n\t\t\t\t\t\t<a href=\"https:\/\/cesadicciones.cl\/home\/apuestas-online-en-escolares-identifican-seis-perfiles-de-riesgo-segun-los-habitos-digitales\/\">\r\n\t            <img width=\"300\" height=\"200\" src=\"https:\/\/cesadicciones.cl\/home\/wp-content\/uploads\/2026\/04\/web-adiccion-apuestas-online-2-300x200.jpg\" class=\"attachment-medium size-medium wp-post-image\" alt=\"\" loading=\"lazy\" srcset=\"https:\/\/cesadicciones.cl\/home\/wp-content\/uploads\/2026\/04\/web-adiccion-apuestas-online-2-300x200.jpg 300w, https:\/\/cesadicciones.cl\/home\/wp-content\/uploads\/2026\/04\/web-adiccion-apuestas-online-2.jpg 430w\" sizes=\"(max-width: 34.9rem) calc(100vw - 2rem), (max-width: 53rem) calc(8 * (100vw \/ 12)), (min-width: 53rem) calc(6 * (100vw \/ 12)), 100vw\" \/>\t\t\t\t\t\t<\/a>\r\n\t\t\t\t\t<\/div>\r\n                <div class=\"elementor-post__content\">\r\n\t\t\t\t\t\r\n          <div class=\"elementor-post__inner\">\r\n            <h3 class=\"elementor-post__title\"><a href=\"https:\/\/cesadicciones.cl\/home\/apuestas-online-en-escolares-identifican-seis-perfiles-de-riesgo-segun-los-habitos-digitales\/\">Apuestas online en escolares: identifican seis perfiles de riesgo seg\u00fan los h\u00e1bitos digitales<\/a><\/h3>\r\n            \r\n            <a class=\"elementor-post__read-more\" href=\"https:\/\/cesadicciones.cl\/home\/apuestas-online-en-escolares-identifican-seis-perfiles-de-riesgo-segun-los-habitos-digitales\/\">Leer m\u00e1s<svg class=\"svg-icon\" width=\"14\" height=\"14\" aria-hidden=\"true\" role=\"img\" focusable=\"false\" xmlns=\"http:\/\/www.w3.org\/2000\/svg\" xmlns:xlink=\"http:\/\/www.w3.org\/1999\/xlink\" version=\"1.1\" id=\"Layer_1\" x=\"0px\" y=\"0px\" viewBox=\"0 0 492.004 492.004\" style=\"enable-background:new 0 0 492.004 492.004;\" xml:space=\"preserve\"><path d=\"M484.14,226.886L306.46,49.202c-5.072-5.072-11.832-7.856-19.04-7.856c-7.216,0-13.972,2.788-19.044,7.856l-16.132,16.136    c-5.068,5.064-7.86,11.828-7.86,19.04c0,7.208,2.792,14.2,7.86,19.264L355.9,207.526H26.58C11.732,207.526,0,219.15,0,234.002    v22.812c0,14.852,11.732,27.648,26.58,27.648h330.496L252.248,388.926c-5.068,5.072-7.86,11.652-7.86,18.864    c0,7.204,2.792,13.88,7.86,18.948l16.132,16.084c5.072,5.072,11.828,7.836,19.044,7.836c7.208,0,13.968-2.8,19.04-7.872    l177.68-177.68c5.084-5.088,7.88-11.88,7.86-19.1C492.02,238.762,489.228,231.966,484.14,226.886z\"\/><\/svg><\/a>          <\/div>\r\n        <\/div>\r\n\t\t\t<\/article>\r\n\t\t\t\t\t<article id=\"post-16848\" class=\"elementor-post post-16848 post type-post status-publish format-standard has-post-thumbnail hentry category-noticias entry\" >\r\n                  <div class=\"elementor-post__thumbnail\">\r\n\t\t\t\t\t\t<a href=\"https:\/\/cesadicciones.cl\/home\/prensa-especialistas-detallan-como-abordar-el-uso-problematico-de-videojuegos-hemos-visto-situaciones-extremas-jovenes-que-evitan-ir-al-bano-para-no-interrumpir-el-juego\/\">\r\n\t            <img width=\"300\" height=\"200\" src=\"https:\/\/cesadicciones.cl\/home\/wp-content\/uploads\/2026\/03\/nota-el-mercurio-adiccion-a-videojuegos-300x200.jpg\" class=\"attachment-medium size-medium wp-post-image\" alt=\"\" loading=\"lazy\" srcset=\"https:\/\/cesadicciones.cl\/home\/wp-content\/uploads\/2026\/03\/nota-el-mercurio-adiccion-a-videojuegos-300x200.jpg 300w, https:\/\/cesadicciones.cl\/home\/wp-content\/uploads\/2026\/03\/nota-el-mercurio-adiccion-a-videojuegos.jpg 430w\" sizes=\"(max-width: 34.9rem) calc(100vw - 2rem), (max-width: 53rem) calc(8 * (100vw \/ 12)), (min-width: 53rem) calc(6 * (100vw \/ 12)), 100vw\" \/>\t\t\t\t\t\t<\/a>\r\n\t\t\t\t\t<\/div>\r\n                <div class=\"elementor-post__content\">\r\n\t\t\t\t\t\r\n          <div class=\"elementor-post__inner\">\r\n            <h3 class=\"elementor-post__title\"><a href=\"https:\/\/cesadicciones.cl\/home\/prensa-especialistas-detallan-como-abordar-el-uso-problematico-de-videojuegos-hemos-visto-situaciones-extremas-jovenes-que-evitan-ir-al-bano-para-no-interrumpir-el-juego\/\">[PRENSA] Especialistas detallan c\u00f3mo abordar el uso problem\u00e1tico de videojuegos: &#8220;Hemos visto situaciones extremas, j\u00f3venes que evitan ir al ba\u00f1o para no interrumpir el juego&#8221;<\/a><\/h3>\r\n            \r\n            <a class=\"elementor-post__read-more\" href=\"https:\/\/cesadicciones.cl\/home\/prensa-especialistas-detallan-como-abordar-el-uso-problematico-de-videojuegos-hemos-visto-situaciones-extremas-jovenes-que-evitan-ir-al-bano-para-no-interrumpir-el-juego\/\">Leer m\u00e1s<svg class=\"svg-icon\" width=\"14\" height=\"14\" aria-hidden=\"true\" role=\"img\" focusable=\"false\" xmlns=\"http:\/\/www.w3.org\/2000\/svg\" xmlns:xlink=\"http:\/\/www.w3.org\/1999\/xlink\" version=\"1.1\" id=\"Layer_1\" x=\"0px\" y=\"0px\" viewBox=\"0 0 492.004 492.004\" style=\"enable-background:new 0 0 492.004 492.004;\" xml:space=\"preserve\"><path d=\"M484.14,226.886L306.46,49.202c-5.072-5.072-11.832-7.856-19.04-7.856c-7.216,0-13.972,2.788-19.044,7.856l-16.132,16.136    c-5.068,5.064-7.86,11.828-7.86,19.04c0,7.208,2.792,14.2,7.86,19.264L355.9,207.526H26.58C11.732,207.526,0,219.15,0,234.002    v22.812c0,14.852,11.732,27.648,26.58,27.648h330.496L252.248,388.926c-5.068,5.072-7.86,11.652-7.86,18.864    c0,7.204,2.792,13.88,7.86,18.948l16.132,16.084c5.072,5.072,11.828,7.836,19.044,7.836c7.208,0,13.968-2.8,19.04-7.872    l177.68-177.68c5.084-5.088,7.88-11.88,7.86-19.1C492.02,238.762,489.228,231.966,484.14,226.886z\"\/><\/svg><\/a>          <\/div>\r\n        <\/div>\r\n\t\t\t<\/article>\r\n\t\t\t\t\t<article id=\"post-16706\" class=\"elementor-post post-16706 post type-post status-publish format-standard has-post-thumbnail hentry category-noticias entry\" >\r\n                  <div class=\"elementor-post__thumbnail\">\r\n\t\t\t\t\t\t<a href=\"https:\/\/cesadicciones.cl\/home\/investigadores-del-cesa-asistieron-a-la-presentacion-de-resultados-sobre-riesgos-del-consumo-recreativo-de-ketamina\/\">\r\n\t            <img width=\"300\" height=\"200\" src=\"https:\/\/cesadicciones.cl\/home\/wp-content\/uploads\/2026\/03\/presentacion-resultados-estudio-ketamina-300x200.jpg\" class=\"attachment-medium size-medium wp-post-image\" alt=\"\" loading=\"lazy\" srcset=\"https:\/\/cesadicciones.cl\/home\/wp-content\/uploads\/2026\/03\/presentacion-resultados-estudio-ketamina-300x200.jpg 300w, https:\/\/cesadicciones.cl\/home\/wp-content\/uploads\/2026\/03\/presentacion-resultados-estudio-ketamina.jpg 430w\" sizes=\"(max-width: 34.9rem) calc(100vw - 2rem), (max-width: 53rem) calc(8 * (100vw \/ 12)), (min-width: 53rem) calc(6 * (100vw \/ 12)), 100vw\" \/>\t\t\t\t\t\t<\/a>\r\n\t\t\t\t\t<\/div>\r\n                <div class=\"elementor-post__content\">\r\n\t\t\t\t\t\r\n          <div class=\"elementor-post__inner\">\r\n            <h3 class=\"elementor-post__title\"><a href=\"https:\/\/cesadicciones.cl\/home\/investigadores-del-cesa-asistieron-a-la-presentacion-de-resultados-sobre-riesgos-del-consumo-recreativo-de-ketamina\/\">Investigadores del CESA asistieron a la presentaci\u00f3n de resultados sobre riesgos del consumo recreativo de ketamina<\/a><\/h3>\r\n            \r\n            <a class=\"elementor-post__read-more\" href=\"https:\/\/cesadicciones.cl\/home\/investigadores-del-cesa-asistieron-a-la-presentacion-de-resultados-sobre-riesgos-del-consumo-recreativo-de-ketamina\/\">Leer m\u00e1s<svg class=\"svg-icon\" width=\"14\" height=\"14\" aria-hidden=\"true\" role=\"img\" focusable=\"false\" xmlns=\"http:\/\/www.w3.org\/2000\/svg\" xmlns:xlink=\"http:\/\/www.w3.org\/1999\/xlink\" version=\"1.1\" id=\"Layer_1\" x=\"0px\" y=\"0px\" viewBox=\"0 0 492.004 492.004\" style=\"enable-background:new 0 0 492.004 492.004;\" xml:space=\"preserve\"><path d=\"M484.14,226.886L306.46,49.202c-5.072-5.072-11.832-7.856-19.04-7.856c-7.216,0-13.972,2.788-19.044,7.856l-16.132,16.136    c-5.068,5.064-7.86,11.828-7.86,19.04c0,7.208,2.792,14.2,7.86,19.264L355.9,207.526H26.58C11.732,207.526,0,219.15,0,234.002    v22.812c0,14.852,11.732,27.648,26.58,27.648h330.496L252.248,388.926c-5.068,5.072-7.86,11.652-7.86,18.864    c0,7.204,2.792,13.88,7.86,18.948l16.132,16.084c5.072,5.072,11.828,7.836,19.044,7.836c7.208,0,13.968-2.8,19.04-7.872    l177.68-177.68c5.084-5.088,7.88-11.88,7.86-19.1C492.02,238.762,489.228,231.966,484.14,226.886z\"\/><\/svg><\/a>          <\/div>\r\n        <\/div>\r\n\t\t\t<\/article>\r\n\t\t\t\t\t<article id=\"post-16330\" class=\"elementor-post post-16330 post type-post status-publish format-standard has-post-thumbnail hentry category-noticias entry\" >\r\n                  <div class=\"elementor-post__thumbnail\">\r\n\t\t\t\t\t\t<a href=\"https:\/\/cesadicciones.cl\/home\/investigadora-del-cesa-del-icbm-y-del-depto-de-neurociencias-u-de-chile-se-adjudica-proyecto-fondecyt-regular-2026\/\">\r\n\t            <img width=\"300\" height=\"200\" src=\"https:\/\/cesadicciones.cl\/home\/wp-content\/uploads\/2026\/03\/Dra.-Paola-Morales--300x200.jpg\" class=\"attachment-medium size-medium wp-post-image\" alt=\"\" loading=\"lazy\" srcset=\"https:\/\/cesadicciones.cl\/home\/wp-content\/uploads\/2026\/03\/Dra.-Paola-Morales--300x200.jpg 300w, https:\/\/cesadicciones.cl\/home\/wp-content\/uploads\/2026\/03\/Dra.-Paola-Morales-.jpg 430w\" sizes=\"(max-width: 34.9rem) calc(100vw - 2rem), (max-width: 53rem) calc(8 * (100vw \/ 12)), (min-width: 53rem) calc(6 * (100vw \/ 12)), 100vw\" \/>\t\t\t\t\t\t<\/a>\r\n\t\t\t\t\t<\/div>\r\n                <div class=\"elementor-post__content\">\r\n\t\t\t\t\t\r\n          <div class=\"elementor-post__inner\">\r\n            <h3 class=\"elementor-post__title\"><a href=\"https:\/\/cesadicciones.cl\/home\/investigadora-del-cesa-del-icbm-y-del-depto-de-neurociencias-u-de-chile-se-adjudica-proyecto-fondecyt-regular-2026\/\">Investigadora del CESA, del ICBM y del Depto. de Neurociencias U. de Chile se adjudica  proyecto Fondecyt Regular 2026<\/a><\/h3>\r\n            \r\n            <a class=\"elementor-post__read-more\" href=\"https:\/\/cesadicciones.cl\/home\/investigadora-del-cesa-del-icbm-y-del-depto-de-neurociencias-u-de-chile-se-adjudica-proyecto-fondecyt-regular-2026\/\">Leer m\u00e1s<svg class=\"svg-icon\" width=\"14\" height=\"14\" aria-hidden=\"true\" role=\"img\" focusable=\"false\" xmlns=\"http:\/\/www.w3.org\/2000\/svg\" xmlns:xlink=\"http:\/\/www.w3.org\/1999\/xlink\" version=\"1.1\" id=\"Layer_1\" x=\"0px\" y=\"0px\" viewBox=\"0 0 492.004 492.004\" style=\"enable-background:new 0 0 492.004 492.004;\" xml:space=\"preserve\"><path d=\"M484.14,226.886L306.46,49.202c-5.072-5.072-11.832-7.856-19.04-7.856c-7.216,0-13.972,2.788-19.044,7.856l-16.132,16.136    c-5.068,5.064-7.86,11.828-7.86,19.04c0,7.208,2.792,14.2,7.86,19.264L355.9,207.526H26.58C11.732,207.526,0,219.15,0,234.002    v22.812c0,14.852,11.732,27.648,26.58,27.648h330.496L252.248,388.926c-5.068,5.072-7.86,11.652-7.86,18.864    c0,7.204,2.792,13.88,7.86,18.948l16.132,16.084c5.072,5.072,11.828,7.836,19.044,7.836c7.208,0,13.968-2.8,19.04-7.872    l177.68-177.68c5.084-5.088,7.88-11.88,7.86-19.1C492.02,238.762,489.228,231.966,484.14,226.886z\"\/><\/svg><\/a>          <\/div>\r\n        <\/div>\r\n\t\t\t<\/article>\r\n\t\t\t\t\t<article id=\"post-16278\" class=\"elementor-post post-16278 post type-post status-publish format-standard has-post-thumbnail hentry category-noticias entry\" >\r\n                  <div class=\"elementor-post__thumbnail\">\r\n\t\t\t\t\t\t<a href=\"https:\/\/cesadicciones.cl\/home\/encuentro-de-integrantes-del-cesa-marca-el-inicio-del-ano-2026\/\">\r\n\t            <img width=\"300\" height=\"200\" src=\"https:\/\/cesadicciones.cl\/home\/wp-content\/uploads\/2026\/03\/encuentro-CESA-enero-300x200.jpg\" class=\"attachment-medium size-medium wp-post-image\" alt=\"\" loading=\"lazy\" srcset=\"https:\/\/cesadicciones.cl\/home\/wp-content\/uploads\/2026\/03\/encuentro-CESA-enero-300x200.jpg 300w, https:\/\/cesadicciones.cl\/home\/wp-content\/uploads\/2026\/03\/encuentro-CESA-enero.jpg 430w\" sizes=\"(max-width: 34.9rem) calc(100vw - 2rem), (max-width: 53rem) calc(8 * (100vw \/ 12)), (min-width: 53rem) calc(6 * (100vw \/ 12)), 100vw\" \/>\t\t\t\t\t\t<\/a>\r\n\t\t\t\t\t<\/div>\r\n                <div class=\"elementor-post__content\">\r\n\t\t\t\t\t\r\n          <div class=\"elementor-post__inner\">\r\n            <h3 class=\"elementor-post__title\"><a href=\"https:\/\/cesadicciones.cl\/home\/encuentro-de-integrantes-del-cesa-marca-el-inicio-del-ano-2026\/\">Encuentro de integrantes del CESA marca el inicio del a\u00f1o 2026<\/a><\/h3>\r\n            \r\n            <a class=\"elementor-post__read-more\" href=\"https:\/\/cesadicciones.cl\/home\/encuentro-de-integrantes-del-cesa-marca-el-inicio-del-ano-2026\/\">Leer m\u00e1s<svg class=\"svg-icon\" width=\"14\" height=\"14\" aria-hidden=\"true\" role=\"img\" focusable=\"false\" xmlns=\"http:\/\/www.w3.org\/2000\/svg\" xmlns:xlink=\"http:\/\/www.w3.org\/1999\/xlink\" version=\"1.1\" id=\"Layer_1\" x=\"0px\" y=\"0px\" viewBox=\"0 0 492.004 492.004\" style=\"enable-background:new 0 0 492.004 492.004;\" xml:space=\"preserve\"><path d=\"M484.14,226.886L306.46,49.202c-5.072-5.072-11.832-7.856-19.04-7.856c-7.216,0-13.972,2.788-19.044,7.856l-16.132,16.136    c-5.068,5.064-7.86,11.828-7.86,19.04c0,7.208,2.792,14.2,7.86,19.264L355.9,207.526H26.58C11.732,207.526,0,219.15,0,234.002    v22.812c0,14.852,11.732,27.648,26.58,27.648h330.496L252.248,388.926c-5.068,5.072-7.86,11.652-7.86,18.864    c0,7.204,2.792,13.88,7.86,18.948l16.132,16.084c5.072,5.072,11.828,7.836,19.044,7.836c7.208,0,13.968-2.8,19.04-7.872    l177.68-177.68c5.084-5.088,7.88-11.88,7.86-19.1C492.02,238.762,489.228,231.966,484.14,226.886z\"\/><\/svg><\/a>          <\/div>\r\n        <\/div>\r\n\t\t\t<\/article>\r\n\t\t\t\t\t<article id=\"post-16218\" class=\"elementor-post post-16218 post type-post status-publish format-standard has-post-thumbnail hentry category-noticias entry\" >\r\n                  <div class=\"elementor-post__thumbnail\">\r\n\t\t\t\t\t\t<a href=\"https:\/\/cesadicciones.cl\/home\/cesa-liderara-nueva-red-para-enfrentar-adicciones-desde-una-mirada-integral\/\">\r\n\t            <img width=\"300\" height=\"200\" src=\"https:\/\/cesadicciones.cl\/home\/wp-content\/uploads\/2026\/03\/nota_adjudicacion-RED-CESA-300x200.jpg\" class=\"attachment-medium size-medium wp-post-image\" alt=\"\" loading=\"lazy\" srcset=\"https:\/\/cesadicciones.cl\/home\/wp-content\/uploads\/2026\/03\/nota_adjudicacion-RED-CESA-300x200.jpg 300w, https:\/\/cesadicciones.cl\/home\/wp-content\/uploads\/2026\/03\/nota_adjudicacion-RED-CESA.jpg 430w\" sizes=\"(max-width: 34.9rem) calc(100vw - 2rem), (max-width: 53rem) calc(8 * (100vw \/ 12)), (min-width: 53rem) calc(6 * (100vw \/ 12)), 100vw\" \/>\t\t\t\t\t\t<\/a>\r\n\t\t\t\t\t<\/div>\r\n                <div class=\"elementor-post__content\">\r\n\t\t\t\t\t\r\n          <div class=\"elementor-post__inner\">\r\n            <h3 class=\"elementor-post__title\"><a href=\"https:\/\/cesadicciones.cl\/home\/cesa-liderara-nueva-red-para-enfrentar-adicciones-desde-una-mirada-integral\/\">CESA liderar\u00e1 nueva red para enfrentar adicciones desde una mirada integral<\/a><\/h3>\r\n            \r\n            <a class=\"elementor-post__read-more\" href=\"https:\/\/cesadicciones.cl\/home\/cesa-liderara-nueva-red-para-enfrentar-adicciones-desde-una-mirada-integral\/\">Leer m\u00e1s<svg class=\"svg-icon\" width=\"14\" height=\"14\" aria-hidden=\"true\" role=\"img\" focusable=\"false\" xmlns=\"http:\/\/www.w3.org\/2000\/svg\" xmlns:xlink=\"http:\/\/www.w3.org\/1999\/xlink\" version=\"1.1\" id=\"Layer_1\" x=\"0px\" y=\"0px\" viewBox=\"0 0 492.004 492.004\" style=\"enable-background:new 0 0 492.004 492.004;\" xml:space=\"preserve\"><path d=\"M484.14,226.886L306.46,49.202c-5.072-5.072-11.832-7.856-19.04-7.856c-7.216,0-13.972,2.788-19.044,7.856l-16.132,16.136    c-5.068,5.064-7.86,11.828-7.86,19.04c0,7.208,2.792,14.2,7.86,19.264L355.9,207.526H26.58C11.732,207.526,0,219.15,0,234.002    v22.812c0,14.852,11.732,27.648,26.58,27.648h330.496L252.248,388.926c-5.068,5.072-7.86,11.652-7.86,18.864    c0,7.204,2.792,13.88,7.86,18.948l16.132,16.084c5.072,5.072,11.828,7.836,19.044,7.836c7.208,0,13.968-2.8,19.04-7.872    l177.68-177.68c5.084-5.088,7.88-11.88,7.86-19.1C492.02,238.762,489.228,231.966,484.14,226.886z\"\/><\/svg><\/a>          <\/div>\r\n        <\/div>\r\n\t\t\t<\/article>\r\n\t\t\t\t\t<\/div>\r\n\t\t\t\t<nav class=\"elementor-pagination\" role=\"navigation\">\r\n\t\t\t<div class=\"nav-links\">\r\n\t\t\t\t\t\t\t<\/div>\r\n\t\t<\/nav>\r\n\t\t\t\t<\/div>\n\t\t\t\t<\/div>\n\t\t\t\t\t\t<\/div>\n\t\t\t\t\t<\/div>\n\t\t<\/div>\n\t\t\t\t\t\t\t\t<\/div>\n\t\t\t\t\t<\/div>\n\t\t<\/section>\n\t\t\t\t\t\t<\/div>\n\t\t\t\t\t\t<\/div>\n\t\t\t\t\t<\/div>\n\t\t","protected":false},"excerpt":{"rendered":"<p>Investigadores del CESA asistieron a la presentaci\u00f3n de resultados sobre riesgos del consumo recreativo de ketamina Leer m\u00e1s Investigadora del CESA, del ICBM y del Depto. de Neurociencias U. de [&hellip;]<\/p>\n","protected":false},"author":6,"featured_media":0,"parent":0,"menu_order":0,"comment_status":"closed","ping_status":"closed","template":"page-fullwidth.php","meta":[],"yoast_head":"<!-- This site is optimized with the Yoast SEO plugin v17.7.1 - https:\/\/yoast.com\/wordpress\/plugins\/seo\/ -->\n<title>Noticias - CESA | Centro de adicciones<\/title>\n<meta name=\"robots\" content=\"index, follow, max-snippet:-1, max-image-preview:large, max-video-preview:-1\" \/>\n<link rel=\"canonical\" href=\"https:\/\/cesadicciones.cl\/home\/noticias\/\" \/>\n<meta property=\"og:locale\" content=\"es_ES\" \/>\n<meta property=\"og:type\" content=\"article\" \/>\n<meta property=\"og:title\" content=\"Noticias - CESA | Centro de adicciones\" \/>\n<meta property=\"og:description\" content=\"Investigadores del CESA asistieron a la presentaci\u00f3n de resultados sobre riesgos del consumo recreativo de ketamina Leer m\u00e1s Investigadora del CESA, del ICBM y del Depto. de Neurociencias U. de [&hellip;]\" \/>\n<meta property=\"og:url\" content=\"https:\/\/cesadicciones.cl\/home\/noticias\/\" \/>\n<meta property=\"og:site_name\" content=\"CESA | Centro de adicciones\" \/>\n<meta property=\"article:modified_time\" content=\"2026-03-06T02:51:13+00:00\" \/>\n<meta property=\"og:image\" content=\"https:\/\/cesadicciones.cl\/home\/wp-content\/uploads\/2026\/03\/presentacion-resultados-estudio-ketamina-300x200.jpg\" \/>\n<meta name=\"twitter:card\" content=\"summary_large_image\" \/>\n<meta name=\"twitter:label1\" content=\"Est. reading time\" \/>\n\t<meta name=\"twitter:data1\" content=\"2 minutos\" \/>\n<script type=\"application\/ld+json\" class=\"yoast-schema-graph\">{\"@context\":\"https:\/\/schema.org\",\"@graph\":[{\"@type\":\"WebSite\",\"@id\":\"https:\/\/cesadicciones.cl\/home\/#website\",\"url\":\"https:\/\/cesadicciones.cl\/home\/\",\"name\":\"CESA | Centro de adicciones\",\"description\":\"CESA - U. de Chile\",\"potentialAction\":[{\"@type\":\"SearchAction\",\"target\":{\"@type\":\"EntryPoint\",\"urlTemplate\":\"https:\/\/cesadicciones.cl\/home\/?s={search_term_string}\"},\"query-input\":\"required name=search_term_string\"}],\"inLanguage\":\"es-CL\"},{\"@type\":\"ImageObject\",\"@id\":\"https:\/\/cesadicciones.cl\/home\/noticias\/#primaryimage\",\"inLanguage\":\"es-CL\",\"url\":\"https:\/\/cesadicciones.cl\/home\/wp-content\/uploads\/2026\/03\/presentacion-resultados-estudio-ketamina.jpg\",\"contentUrl\":\"https:\/\/cesadicciones.cl\/home\/wp-content\/uploads\/2026\/03\/presentacion-resultados-estudio-ketamina.jpg\",\"width\":430,\"height\":287},{\"@type\":\"WebPage\",\"@id\":\"https:\/\/cesadicciones.cl\/home\/noticias\/#webpage\",\"url\":\"https:\/\/cesadicciones.cl\/home\/noticias\/\",\"name\":\"Noticias - CESA | Centro de adicciones\",\"isPartOf\":{\"@id\":\"https:\/\/cesadicciones.cl\/home\/#website\"},\"primaryImageOfPage\":{\"@id\":\"https:\/\/cesadicciones.cl\/home\/noticias\/#primaryimage\"},\"datePublished\":\"2026-03-05T22:38:25+00:00\",\"dateModified\":\"2026-03-06T02:51:13+00:00\",\"breadcrumb\":{\"@id\":\"https:\/\/cesadicciones.cl\/home\/noticias\/#breadcrumb\"},\"inLanguage\":\"es-CL\",\"potentialAction\":[{\"@type\":\"ReadAction\",\"target\":[\"https:\/\/cesadicciones.cl\/home\/noticias\/\"]}]},{\"@type\":\"BreadcrumbList\",\"@id\":\"https:\/\/cesadicciones.cl\/home\/noticias\/#breadcrumb\",\"itemListElement\":[{\"@type\":\"ListItem\",\"position\":1,\"name\":\"Home\",\"item\":\"https:\/\/cesadicciones.cl\/home\/\"},{\"@type\":\"ListItem\",\"position\":2,\"name\":\"Noticias\"}]}]}<\/script>\n<!-- \/ Yoast SEO plugin. -->","yoast_head_json":{"title":"Noticias - CESA | Centro de adicciones","robots":{"index":"index","follow":"follow","max-snippet":"max-snippet:-1","max-image-preview":"max-image-preview:large","max-video-preview":"max-video-preview:-1"},"canonical":"https:\/\/cesadicciones.cl\/home\/noticias\/","og_locale":"es_ES","og_type":"article","og_title":"Noticias - CESA | Centro de adicciones","og_description":"Investigadores del CESA asistieron a la presentaci\u00f3n de resultados sobre riesgos del consumo recreativo de ketamina Leer m\u00e1s Investigadora del CESA, del ICBM y del Depto. de Neurociencias U. de [&hellip;]","og_url":"https:\/\/cesadicciones.cl\/home\/noticias\/","og_site_name":"CESA | Centro de adicciones","article_modified_time":"2026-03-06T02:51:13+00:00","og_image":[{"url":"https:\/\/cesadicciones.cl\/home\/wp-content\/uploads\/2026\/03\/presentacion-resultados-estudio-ketamina-300x200.jpg"}],"twitter_card":"summary_large_image","twitter_misc":{"Est. reading time":"2 minutos"},"schema":{"@context":"https:\/\/schema.org","@graph":[{"@type":"WebSite","@id":"https:\/\/cesadicciones.cl\/home\/#website","url":"https:\/\/cesadicciones.cl\/home\/","name":"CESA | Centro de adicciones","description":"CESA - U. de Chile","potentialAction":[{"@type":"SearchAction","target":{"@type":"EntryPoint","urlTemplate":"https:\/\/cesadicciones.cl\/home\/?s={search_term_string}"},"query-input":"required name=search_term_string"}],"inLanguage":"es-CL"},{"@type":"ImageObject","@id":"https:\/\/cesadicciones.cl\/home\/noticias\/#primaryimage","inLanguage":"es-CL","url":"https:\/\/cesadicciones.cl\/home\/wp-content\/uploads\/2026\/03\/presentacion-resultados-estudio-ketamina.jpg","contentUrl":"https:\/\/cesadicciones.cl\/home\/wp-content\/uploads\/2026\/03\/presentacion-resultados-estudio-ketamina.jpg","width":430,"height":287},{"@type":"WebPage","@id":"https:\/\/cesadicciones.cl\/home\/noticias\/#webpage","url":"https:\/\/cesadicciones.cl\/home\/noticias\/","name":"Noticias - CESA | Centro de adicciones","isPartOf":{"@id":"https:\/\/cesadicciones.cl\/home\/#website"},"primaryImageOfPage":{"@id":"https:\/\/cesadicciones.cl\/home\/noticias\/#primaryimage"},"datePublished":"2026-03-05T22:38:25+00:00","dateModified":"2026-03-06T02:51:13+00:00","breadcrumb":{"@id":"https:\/\/cesadicciones.cl\/home\/noticias\/#breadcrumb"},"inLanguage":"es-CL","potentialAction":[{"@type":"ReadAction","target":["https:\/\/cesadicciones.cl\/home\/noticias\/"]}]},{"@type":"BreadcrumbList","@id":"https:\/\/cesadicciones.cl\/home\/noticias\/#breadcrumb","itemListElement":[{"@type":"ListItem","position":1,"name":"Home","item":"https:\/\/cesadicciones.cl\/home\/"},{"@type":"ListItem","position":2,"name":"Noticias"}]}]}},"_links":{"self":[{"href":"https:\/\/cesadicciones.cl\/home\/wp-json\/wp\/v2\/pages\/16210"}],"collection":[{"href":"https:\/\/cesadicciones.cl\/home\/wp-json\/wp\/v2\/pages"}],"about":[{"href":"https:\/\/cesadicciones.cl\/home\/wp-json\/wp\/v2\/types\/page"}],"author":[{"embeddable":true,"href":"https:\/\/cesadicciones.cl\/home\/wp-json\/wp\/v2\/users\/6"}],"replies":[{"embeddable":true,"href":"https:\/\/cesadicciones.cl\/home\/wp-json\/wp\/v2\/comments?post=16210"}],"version-history":[{"count":43,"href":"https:\/\/cesadicciones.cl\/home\/wp-json\/wp\/v2\/pages\/16210\/revisions"}],"predecessor-version":[{"id":16809,"href":"https:\/\/cesadicciones.cl\/home\/wp-json\/wp\/v2\/pages\/16210\/revisions\/16809"}],"wp:attachment":[{"href":"https:\/\/cesadicciones.cl\/home\/wp-json\/wp\/v2\/media?parent=16210"}],"curies":[{"name":"wp","href":"https:\/\/api.w.org\/{rel}","templated":true}]}}